{"id":1106,"date":"2024-05-03T14:06:54","date_gmt":"2024-05-03T12:06:54","guid":{"rendered":"https:\/\/www.hildesheimer-haus.de\/home\/?page_id=1106"},"modified":"2024-10-30T22:22:54","modified_gmt":"2024-10-30T21:22:54","slug":"veranstaltungen","status":"publish","type":"page","link":"https:\/\/www.hildesheimer-haus.de\/home\/event-location-harz\/veranstaltungen\/","title":{"rendered":"Veranstaltungen"},"content":{"rendered":"<!--themify_builder_content-->\n<div id=\"themify_builder_content-1106\" data-postid=\"1106\" class=\"themify_builder_content themify_builder_content-1106 themify_builder tf_clear\">\n                    <div  data-css_id=\"elqd359\" data-lazy=\"1\" class=\"module_row themify_builder_row fullwidth tb_elqd359 tb_first tf_w\">\n                        <div class=\"row_inner col_align_top tb_col_count_1 tf_box tf_rel\">\n                        <div  data-lazy=\"1\" class=\"module_column tb-column col-full tb_r5il359 first\">\n                            <div  data-lazy=\"1\" class=\"module_subrow themify_builder_sub_row tf_w col_align_top tb_col_count_1 tb_6svw189\">\n                <div  data-lazy=\"1\" class=\"module_column sub_column col-full tb_gy0s190 first\">\n                            <\/div>\n                    <\/div>\n                <\/div>\n                        <\/div>\n        <\/div>\n                        <div  data-lazy=\"1\" class=\"module_row themify_builder_row tb_oeaa824 tf_w\">\n                        <div class=\"row_inner col_align_top tb_col_count_1 tf_box tf_rel\">\n                        <div  data-lazy=\"1\" class=\"module_column tb-column col-full tb_tpbd824 first\">\n                    <!-- module text -->\n<div  class=\"module module-text tb_cnve41   \" data-lazy=\"1\">\n        <div  class=\"tb_text_wrap\">\n        <p><span style=\"font-size: 24pt;\">Veranstaltungen im Hildesheimer Haus Buntenbock<\/span><\/p>\n<p><span style=\"font-size: 14pt;\">Spielen Hochzeiten in unserer Event-Location von je her eine gro\u00dfe Rolle, begr\u00fc\u00dfen wir Sie selbstverst\u00e4ndlich auch zu allen anderen Anl\u00e4ssen gern bei uns. Jubil\u00e4en, Geburtstage, Familien-Treffen und viele sch\u00f6ne Gelegenheiten mehr werden im Hildesheimer Haus ganz individuell begangen.<\/span><\/p>\n<p><span style=\"font-size: 14pt;\">Genauso bieten wir die perfekte Basis f\u00fcr Betriebsausfl\u00fcge, Gruppenreisen, Workshops und Seminare, dessen Initiatoren und Teilnehmenden sich eine au\u00dfergew\u00f6hnliche Kulisse und pers\u00f6nliche Betreuung w\u00fcnschen.<\/span><\/p>    <\/div>\n<\/div>\n<!-- \/module text -->        <\/div>\n                        <\/div>\n        <\/div>\n                        <div  data-css_id=\"zjbl466\" data-lazy=\"1\" class=\"module_row themify_builder_row fullwidth tb_zjbl466 tf_w\">\n                        <div class=\"row_inner col_align_bottom tb_col_count_3 tf_box tf_rel\">\n                        <div  data-lazy=\"1\" class=\"module_column tb-column col3-1 tb_jyuv466 first\">\n                    <!-- module image -->\n<div  class=\"module module-image tb_9zh6954 image-top rounded drop-shadow  tf_mw\" data-lazy=\"1\">\n        <div class=\"image-wrap tf_rel tf_mw\">\n            <img decoding=\"async\" src=\"https:\/\/www.hildesheimer-haus.de\/home\/wp-content\/uploads\/2024\/02\/image00010-1024x1024-350x350.jpeg\" height=\"350\" class=\"wp-post-image wp-image-824\" title=\"Feiern * Tagen und \u00fcbernachten im Hildesheimer Haus Buntenbock Harz\" alt=\"Feiern * Tagen und \u00fcbernachten im Hildesheimer Haus Buntenbock Harz\" srcset=\"https:\/\/www.hildesheimer-haus.de\/home\/wp-content\/uploads\/2024\/02\/image00010-1024x1024-350x350.jpeg 350w, https:\/\/www.hildesheimer-haus.de\/home\/wp-content\/uploads\/2024\/02\/image00010-300x300.jpeg 300w, https:\/\/www.hildesheimer-haus.de\/home\/wp-content\/uploads\/2024\/02\/image00010-1024x1024.jpeg 1024w, https:\/\/www.hildesheimer-haus.de\/home\/wp-content\/uploads\/2024\/02\/image00010-150x150.jpeg 150w, https:\/\/www.hildesheimer-haus.de\/home\/wp-content\/uploads\/2024\/02\/image00010-768x768.jpeg 768w, https:\/\/www.hildesheimer-haus.de\/home\/wp-content\/uploads\/2024\/02\/image00010-1024x1024-250x250.jpeg 250w, https:\/\/www.hildesheimer-haus.de\/home\/wp-content\/uploads\/2024\/02\/image00010.jpeg 1170w\" sizes=\"(max-width: 350px) 100vw, 350px\" \/>    \n        <\/div>\n    <!-- \/image-wrap -->\n    \n        <\/div>\n<!-- \/module image -->        <\/div>\n                    <div  data-lazy=\"1\" class=\"module_column tb-column col3-1 tb_oaxl466\">\n                    <!-- module image -->\n<div  class=\"module module-image tb_2zaa678 image-right rounded drop-shadow  tf_mw\" data-lazy=\"1\">\n        <div class=\"image-wrap tf_rel tf_mw\">\n            <img decoding=\"async\" src=\"https:\/\/www.hildesheimer-haus.de\/home\/wp-content\/uploads\/2024\/02\/hildesheimer-haus_hochzeit_harz_foto_woodinheart_038-681x1024-232x350.jpg\" height=\"350\" class=\"wp-post-image wp-image-635\" title=\"hildesheimer-haus_hochzeit_harz_foto_woodinheart_038\" alt=\"hildesheimer-haus_hochzeit_harz_foto_woodinheart_038\" srcset=\"https:\/\/www.hildesheimer-haus.de\/home\/wp-content\/uploads\/2024\/02\/hildesheimer-haus_hochzeit_harz_foto_woodinheart_038-681x1024-232x350.jpg 232w, https:\/\/www.hildesheimer-haus.de\/home\/wp-content\/uploads\/2024\/02\/hildesheimer-haus_hochzeit_harz_foto_woodinheart_038-681x1024.jpg 681w, https:\/\/www.hildesheimer-haus.de\/home\/wp-content\/uploads\/2024\/02\/hildesheimer-haus_hochzeit_harz_foto_woodinheart_038-768x1155.jpg 768w, https:\/\/www.hildesheimer-haus.de\/home\/wp-content\/uploads\/2024\/02\/hildesheimer-haus_hochzeit_harz_foto_woodinheart_038.jpg 798w\" sizes=\"(max-width: 232px) 100vw, 232px\" \/>    \n        <\/div>\n    <!-- \/image-wrap -->\n    \n        <\/div>\n<!-- \/module image -->        <\/div>\n                    <div  data-lazy=\"1\" class=\"module_column tb-column col3-1 tb_92t3466 last\">\n                    <!-- module image -->\n<div  class=\"module module-image tb_w75h57 image-right rounded drop-shadow  tf_mw\" data-lazy=\"1\">\n        <div class=\"image-wrap tf_rel tf_mw\">\n            <img decoding=\"async\" src=\"https:\/\/www.hildesheimer-haus.de\/home\/wp-content\/uploads\/2024\/02\/hildesheimer-haus_harz_foto-daniel_li_15-1024x684-523x350.jpg\" height=\"350\" class=\"wp-post-image wp-image-513\" title=\"Hildesheimer Haus Buntenbock - Clausthal-Zellerfeld - Harz | Foto Daniel Li\" alt=\"Hildesheimer Haus Buntenbock - Clausthal-Zellerfeld - Harz | Foto Daniel Li\" srcset=\"https:\/\/www.hildesheimer-haus.de\/home\/wp-content\/uploads\/2024\/02\/hildesheimer-haus_harz_foto-daniel_li_15-1024x684-523x350.jpg 523w, https:\/\/www.hildesheimer-haus.de\/home\/wp-content\/uploads\/2024\/02\/hildesheimer-haus_harz_foto-daniel_li_15-300x200.jpg 300w, https:\/\/www.hildesheimer-haus.de\/home\/wp-content\/uploads\/2024\/02\/hildesheimer-haus_harz_foto-daniel_li_15-1024x684.jpg 1024w, https:\/\/www.hildesheimer-haus.de\/home\/wp-content\/uploads\/2024\/02\/hildesheimer-haus_harz_foto-daniel_li_15-768x513.jpg 768w, https:\/\/www.hildesheimer-haus.de\/home\/wp-content\/uploads\/2024\/02\/hildesheimer-haus_harz_foto-daniel_li_15.jpg 1200w\" sizes=\"(max-width: 523px) 100vw, 523px\" \/>    \n        <\/div>\n    <!-- \/image-wrap -->\n    \n        <\/div>\n<!-- \/module image -->        <\/div>\n                        <\/div>\n        <\/div>\n                        <div  data-lazy=\"1\" class=\"module_row themify_builder_row tb_qyok468 tf_w\">\n                        <div class=\"row_inner col_align_top tb_col_count_1 tf_box tf_rel\">\n                        <div  data-lazy=\"1\" class=\"module_column tb-column col-full tb_q6v8469 first\">\n                    <!-- module text -->\n<div  class=\"module module-text tb_rbf3972   \" data-lazy=\"1\">\n        <div  class=\"tb_text_wrap\">\n        <p><span style=\"font-size: 14pt;\">\u00a0<\/span><\/p>\n<p><span style=\"font-size: 14pt;\">Hier oben, im idyllischen Bergdorf Buntenbock, st\u00f6rt Sie niemand beim Lernen, im Austausch und beim Arbeiten, sind aber selbst die Pausen und das Miteinander nach dem verdienten Feierabend absolut besonders. Lassen Sie Ihrer Kreativit\u00e4t freien Lauf, erleben Sie Teambuilding auf sehr entspannte Weise und f\u00fchlen Sie sich w\u00e4hrend Ihres Events rumdum wohl.\u00a0<\/span><\/p>\n<p><span style=\"font-size: 14pt;\">Wir sorgen f\u00fcr den ben\u00f6tigen Rahmen, stellen das Mobiliar im Saal, wie Sie es sich f\u00fcr Ihre Veranstaltung w\u00fcnschen und verpflegen Sie, in Zusammenarbeit mit unserem Caterer, ganz nach Ihrem Geschmack.\u00a0<\/span><\/p>\n<p><span style=\"font-size: 14pt;\">In unseren gem\u00fctlichen <a href=\"https:\/\/www.hildesheimer-haus.de\/home\/hildesheimer_haus\/zimmer-und-appartements\/\">Zimmern und voll ausgestatteten Appartements<\/a> k\u00f6nnen Sie ungest\u00f6rt f\u00fcr sich sein, oder Zeit mit Ihren Mitreisenden verbringen.\u00a0<\/span><\/p>\n<p><span style=\"font-size: 14pt;\">Als Ausgangspunkt ist der Harz, im Herzen von Deutschland, einfach perfekt, die Region in Sachen Natur und Sehenswertem ein echter Schatz.<\/span><\/p>\n<p><span style=\"font-size: 14pt;\">\u00a0<\/span><\/p>\n<p><span style=\"font-size: 14pt;\"><a href=\"https:\/\/www.hildesheimer-haus.de\/home\/kontakt-2\/\" target=\"_blank\" rel=\"noopener\"><span style=\"font-size: 18pt;\">Z\u00f6gern Sie nicht uns anzusprechen, um mehr \u00fcber Ihre M\u00f6glichkeiten zu erfahren.<\/span><\/a><\/span><\/p>\n<p><span style=\"font-size: 18pt;\">Wir freuen uns \u00fcber Ihre Nachricht und stellen Ihnen gern ein Angebot zusammen.<\/span><\/p>\n<p><span style=\"font-size: 18pt;\">F\u00fchlen Sie sich jederzeit willkommen, um das Haus und uns pers\u00f6nlich kennenzulernen.<\/span><\/p>    <\/div>\n<\/div>\n<!-- \/module text -->        <\/div>\n                        <\/div>\n        <\/div>\n                        <div  data-css_id=\"ibha582\" data-lazy=\"1\" class=\"module_row themify_builder_row fullwidth tb_ibha582 tf_w\">\n                        <div class=\"row_inner col_align_top tb_col_count_2 tf_box tf_rel\">\n                        <div  data-lazy=\"1\" class=\"module_column tb-column col4-2 tb_20ah582 first\">\n                            <\/div>\n                    <div  data-lazy=\"1\" class=\"module_column tb-column col4-2 tb_67lg976 last\">\n                            <\/div>\n                        <\/div>\n        <\/div>\n        <\/div>\n<!--\/themify_builder_content-->","protected":false},"excerpt":{"rendered":"<p>Veranstaltungen im Hildesheimer Haus Buntenbock Spielen Hochzeiten in unserer Event-Location von je her eine gro\u00dfe Rolle, begr\u00fc\u00dfen wir Sie selbstverst\u00e4ndlich auch zu allen anderen Anl\u00e4ssen gern bei uns. Jubil\u00e4en, Geburtstage, Familien-Treffen und viele sch\u00f6ne Gelegenheiten mehr werden im Hildesheimer Haus ganz individuell begangen. Genauso bieten wir die perfekte Basis f\u00fcr Betriebsausfl\u00fcge, Gruppenreisen, Workshops und Seminare, [&hellip;]<\/p>\n","protected":false},"author":1,"featured_media":0,"parent":135,"menu_order":1,"comment_status":"closed","ping_status":"closed","template":"","meta":{"footnotes":""},"class_list":["post-1106","page","type-page","status-publish","hentry","has-post-title","has-post-date","has-post-category","has-post-tag","has-post-comment","has-post-author",""],"_links":{"self":[{"href":"https:\/\/www.hildesheimer-haus.de\/home\/wp-json\/wp\/v2\/pages\/1106","targetHints":{"allow":["GET"]}}],"collection":[{"href":"https:\/\/www.hildesheimer-haus.de\/home\/wp-json\/wp\/v2\/pages"}],"about":[{"href":"https:\/\/www.hildesheimer-haus.de\/home\/wp-json\/wp\/v2\/types\/page"}],"author":[{"embeddable":true,"href":"https:\/\/www.hildesheimer-haus.de\/home\/wp-json\/wp\/v2\/users\/1"}],"replies":[{"embeddable":true,"href":"https:\/\/www.hildesheimer-haus.de\/home\/wp-json\/wp\/v2\/comments?post=1106"}],"version-history":[{"count":35,"href":"https:\/\/www.hildesheimer-haus.de\/home\/wp-json\/wp\/v2\/pages\/1106\/revisions"}],"predecessor-version":[{"id":1224,"href":"https:\/\/www.hildesheimer-haus.de\/home\/wp-json\/wp\/v2\/pages\/1106\/revisions\/1224"}],"up":[{"embeddable":true,"href":"https:\/\/www.hildesheimer-haus.de\/home\/wp-json\/wp\/v2\/pages\/135"}],"wp:attachment":[{"href":"https:\/\/www.hildesheimer-haus.de\/home\/wp-json\/wp\/v2\/media?parent=1106"}],"curies":[{"name":"wp","href":"https:\/\/api.w.org\/{rel}","templated":true}]}}