{"id":135,"date":"2022-03-24T12:43:20","date_gmt":"2022-03-24T11:43:20","guid":{"rendered":"http:\/\/webs4ladies.de\/hildesheimerhaus\/home-copy\/"},"modified":"2024-09-26T13:50:09","modified_gmt":"2024-09-26T11:50:09","slug":"event-location-harz","status":"publish","type":"page","link":"https:\/\/www.hildesheimer-haus.de\/home\/event-location-harz\/","title":{"rendered":"Hildesheimer-Haus"},"content":{"rendered":"<!--themify_builder_content-->\n<div id=\"themify_builder_content-135\" data-postid=\"135\" class=\"themify_builder_content themify_builder_content-135 themify_builder tf_clear\">\n                    <div  data-lazy=\"1\" class=\"module_row themify_builder_row tb_34k7800 tb_first tf_w\">\n                        <span class=\"tf_hide row-slider tb_slider tf_abs\" data-bgmode=\"fullcover\" data-sliderspeed=\"2000\">\n                <span class=\"tf_abs row-slider-slides tf_w tf_hidden tf_clearfix\">\n                                <span data-bg=\"https:\/\/www.hildesheimer-haus.de\/home\/wp-content\/uploads\/2022\/03\/HiHa_Fern-e1648120989133.jpg\">\n                        <a href=\"javascript:;\" rel=\"nofollow\" class=\"row-slider-dot\" data-index=\"0\"><span class=\"screen-reader-text\">&bull;<\/span><\/a>\n                    <\/span>\n                                    <span data-bg=\"https:\/\/www.hildesheimer-haus.de\/home\/wp-content\/uploads\/2024\/02\/Hildesheimer_Haus_Buntenbock_Harz_Foto_Daniel-Li.jpg\">\n                        <a href=\"javascript:;\" rel=\"nofollow\" class=\"row-slider-dot\" data-index=\"1\"><span class=\"screen-reader-text\">&bull;<\/span><\/a>\n                    <\/span>\n                                    <span data-bg=\"https:\/\/www.hildesheimer-haus.de\/home\/wp-content\/uploads\/2024\/02\/hildesheimer-haus_harz_foto-daniel_li_15.jpg\">\n                        <a href=\"javascript:;\" rel=\"nofollow\" class=\"row-slider-dot\" data-index=\"2\"><span class=\"screen-reader-text\">&bull;<\/span><\/a>\n                    <\/span>\n                                    <span data-bg=\"https:\/\/www.hildesheimer-haus.de\/home\/wp-content\/uploads\/2024\/02\/Hildesheimer-Haus_Buntenbock_Harz_Foto-Inka-Baethge.jpg\">\n                        <a href=\"javascript:;\" rel=\"nofollow\" class=\"row-slider-dot\" data-index=\"3\"><span class=\"screen-reader-text\">&bull;<\/span><\/a>\n                    <\/span>\n                                    <span data-bg=\"https:\/\/www.hildesheimer-haus.de\/home\/wp-content\/uploads\/2024\/02\/hildesheimer-haus_ASF_02.jpg\">\n                        <a href=\"javascript:;\" rel=\"nofollow\" class=\"row-slider-dot\" data-index=\"4\"><span class=\"screen-reader-text\">&bull;<\/span><\/a>\n                    <\/span>\n                                <\/span>\n                <span class=\"row-slider-nav tf_abs_t tf_w\">\n                    <a href=\"javascript:;\" rel=\"nofollow\" class=\"row-slider-arrow row-slider-prev tf_hidden tf_abs_t\"><span class=\"screen-reader-text\">&larr;<\/span><\/a>\n                    <a href=\"javascript:;\" rel=\"nofollow\" class=\"row-slider-arrow row-slider-next tf_hidden tf_abs_t\"><span class=\"screen-reader-text\">&rarr;<\/span><\/a>\n                <\/span>\n            <\/span>\n                        <div class=\"row_inner col_align_top tb_col_count_1 tf_box tf_rel\">\n                        <div  data-lazy=\"1\" class=\"module_column tb-column col-full tb_7lmn000 first\">\n                            <div  data-lazy=\"1\" class=\"module_subrow themify_builder_sub_row tf_w col_align_top tb_col_count_3 tb_w1da900\">\n                <div  data-lazy=\"1\" class=\"module_column sub_column col3-1 tb_m4rm808 first\">\n                            <\/div>\n                    <div  data-lazy=\"1\" class=\"module_column sub_column col3-1 tb_tk47005\">\n                    <!-- module fancy heading -->\n<div  class=\"module module-fancy-heading tb_9q39040  tb_hide_divider\" data-lazy=\"1\">\n        <h3 class=\"fancy-heading tf_textc\">\n    <span class=\"main-head tf_block\">\n                                <\/span>\n\n    \n    <span class=\"sub-head tf_block tf_rel\">\n                                <\/span>\n    <\/h3>\n<\/div>\n<!-- \/module fancy heading -->\n        <\/div>\n                    <div  data-lazy=\"1\" class=\"module_column sub_column col3-1 tb_wpor004 last\">\n                            <\/div>\n                    <\/div>\n                <\/div>\n                        <\/div>\n        <\/div>\n                        <div  data-lazy=\"1\" class=\"module_row themify_builder_row tb_k3ed339 tf_w\">\n                        <div class=\"row_inner col_align_top tb_col_count_1 tf_box tf_rel\">\n                        <div  data-lazy=\"1\" class=\"module_column tb-column col-full tb_yg7r339 first\">\n                    <!-- module text -->\n<div  class=\"module module-text tb_64ml5   \" data-lazy=\"1\">\n        <div  class=\"tb_text_wrap\">\n        <h2 style=\"text-align: center;\">Willkommen im Hildesheimer Haus<\/h2>\n<h3 style=\"text-align: center;\">Die Event-Location im Harz<\/h3>    <\/div>\n<\/div>\n<!-- \/module text -->        <\/div>\n                        <\/div>\n        <\/div>\n                        <div  data-lazy=\"1\" class=\"module_row themify_builder_row tb_tk3e346 tf_w\">\n                        <div class=\"row_inner col_align_top tb_col_count_2 tf_box tf_rel\">\n                        <div  data-lazy=\"1\" class=\"module_column tb-column col4-2 tb_a123346 first\">\n                    <!-- module image -->\n<div  class=\"module module-image tb_krv297 image-top rounded drop-shadow  tf_mw\" data-lazy=\"1\">\n        <div class=\"image-wrap tf_rel tf_mw\">\n            <img loading=\"lazy\" decoding=\"async\" src=\"https:\/\/www.hildesheimer-haus.de\/home\/wp-content\/uploads\/2024\/02\/hildesheimer-haus_location_hochzeit_foto_ben-kruse_8-683x1024-400x600.jpg\" width=\"400\" height=\"600\" class=\"wp-post-image wp-image-665\" title=\"hildesheimer-haus_location_hochzeit_foto_ben-kruse_8\" alt=\"hildesheimer-haus_location_hochzeit_foto_ben-kruse_8\" srcset=\"https:\/\/www.hildesheimer-haus.de\/home\/wp-content\/uploads\/2024\/02\/hildesheimer-haus_location_hochzeit_foto_ben-kruse_8-683x1024-400x600.jpg 400w, https:\/\/www.hildesheimer-haus.de\/home\/wp-content\/uploads\/2024\/02\/hildesheimer-haus_location_hochzeit_foto_ben-kruse_8-200x300.jpg 200w, https:\/\/www.hildesheimer-haus.de\/home\/wp-content\/uploads\/2024\/02\/hildesheimer-haus_location_hochzeit_foto_ben-kruse_8-683x1024.jpg 683w, https:\/\/www.hildesheimer-haus.de\/home\/wp-content\/uploads\/2024\/02\/hildesheimer-haus_location_hochzeit_foto_ben-kruse_8-768x1152.jpg 768w, https:\/\/www.hildesheimer-haus.de\/home\/wp-content\/uploads\/2024\/02\/hildesheimer-haus_location_hochzeit_foto_ben-kruse_8-683x1024-450x675.jpg 450w, https:\/\/www.hildesheimer-haus.de\/home\/wp-content\/uploads\/2024\/02\/hildesheimer-haus_location_hochzeit_foto_ben-kruse_8.jpg 800w\" sizes=\"auto, (max-width: 400px) 100vw, 400px\" \/>    \n        <\/div>\n    <!-- \/image-wrap -->\n    \n        <\/div>\n<!-- \/module image -->        <\/div>\n                    <div  data-lazy=\"1\" class=\"module_column tb-column col4-2 tb_s9ep181 last\">\n                    <!-- module text -->\n<div  class=\"module module-text tb_msl8604   \" data-lazy=\"1\">\n        <div  class=\"tb_text_wrap\">\n        <p><span style=\"font-size: 14pt;\">Menschen, die uns besuchen f\u00e4llt es nicht schwer, sich ins das Hildesheimer Haus zu verlieben. Es bietet genau den R\u00fcckzugsort, den man sich f\u00fcr ein privates Treffen unter Freunden und Familie, ein unvergessliches Fest, eine Hochzeit, Jubil\u00e4um oder Geburtstag w\u00fcnscht.<\/span><\/p>\n<p>Das liegt gewiss daran, dass alles, was Sie sich vornehmen, wunderbar entspannt verlaufen darf, es bei uns hei\u00dft,<\/p>\n<p><span style=\"font-size: 14pt;\">ankommen und wohlf\u00fchlen.\u00a0<\/span><\/p>\n<p>Ein ungezwungenes Zusammenkommen am Freitagabend, die ersten Gespr\u00e4che mit ihren Lieben bei einem k\u00fchlen Pils oder Glas Wein, dazu etwas Leckeres auf die Hand. Samstag dann das \u201efestliche Hauptprogramm\u201c mit einer Zeiteinteilung ganz nach Ihren W\u00fcnschen. Eine Pause f\u00fcr die Kleinsten, die Kaffeetafelei im sonnigen Garten, das Abendessen lieber eine halbe Stunde sp\u00e4ter anrichten, etwas mehr Zeit zum Reden, Herzen, einfach \u201eSein\u201c? Da sind wir ganz bei Ihnen.\u00a0<\/p>\n<p>Mit unseren zuverl\u00e4ssigen <a href=\"https:\/\/www.hildesheimer-haus.de\/home\/partner\/\" target=\"_blank\" rel=\"noopener\">Partnern <\/a>dazu alles kein Problem und individuelle Optimierungen sehr wahrscheinlich eingeleitet, bevor Sie selber sp\u00fcren, dass es zum Beispiel zeitlich etwas &#8222;klemmt&#8220;.<\/p>\n<p><span style=\"font-size: 14pt;\">Wir k\u00fcmmern uns!<\/span><\/p>    <\/div>\n<\/div>\n<!-- \/module text -->        <\/div>\n                        <\/div>\n        <\/div>\n                        <div  data-lazy=\"1\" class=\"module_row themify_builder_row tb_i527303 tf_w\">\n                        <div class=\"row_inner col_align_top tb_col_count_3 tf_box tf_rel\">\n                        <div  data-lazy=\"1\" class=\"module_column tb-column col3-1 tb_gpt3303 first\">\n                    <!-- module image -->\n<div  class=\"module module-image tb_7ona430 image-top rounded drop-shadow  tf_mw\" data-lazy=\"1\">\n        <div class=\"image-wrap tf_rel tf_mw\">\n            <img loading=\"lazy\" decoding=\"async\" width=\"1024\" height=\"1536\" src=\"https:\/\/www.hildesheimer-haus.de\/home\/wp-content\/uploads\/2024\/02\/Hildesheimer-Haus_Harz_Foto_MichaelKrugPhotography_47.jpg\" class=\"wp-post-image wp-image-764\" title=\"Hildesheimer-Haus_Harz_Foto_MichaelKrugPhotography_47\" alt=\"Hildesheimer-Haus_Harz_Foto_MichaelKrugPhotography_47\" srcset=\"https:\/\/www.hildesheimer-haus.de\/home\/wp-content\/uploads\/2024\/02\/Hildesheimer-Haus_Harz_Foto_MichaelKrugPhotography_47.jpg 1024w, https:\/\/www.hildesheimer-haus.de\/home\/wp-content\/uploads\/2024\/02\/Hildesheimer-Haus_Harz_Foto_MichaelKrugPhotography_47-200x300.jpg 200w, https:\/\/www.hildesheimer-haus.de\/home\/wp-content\/uploads\/2024\/02\/Hildesheimer-Haus_Harz_Foto_MichaelKrugPhotography_47-683x1024.jpg 683w, https:\/\/www.hildesheimer-haus.de\/home\/wp-content\/uploads\/2024\/02\/Hildesheimer-Haus_Harz_Foto_MichaelKrugPhotography_47-768x1152.jpg 768w\" sizes=\"auto, (max-width: 1024px) 100vw, 1024px\" \/>    \n        <\/div>\n    <!-- \/image-wrap -->\n    \n        <\/div>\n<!-- \/module image -->        <\/div>\n                    <div  data-lazy=\"1\" class=\"module_column tb-column col3-1 tb_057h303\">\n                    <!-- module image -->\n<div  class=\"module module-image tb_nxpp224 image-top rounded drop-shadow  tf_mw\" data-lazy=\"1\">\n        <div class=\"image-wrap tf_rel tf_mw\">\n            <img loading=\"lazy\" decoding=\"async\" width=\"1024\" height=\"1536\" src=\"https:\/\/www.hildesheimer-haus.de\/home\/wp-content\/uploads\/2024\/02\/Hildesheimer-Haus_Harz_Foto_MichaelKrugPhotography_49.jpg\" class=\"wp-post-image wp-image-763\" title=\"Hildesheimer-Haus_Harz_Foto_MichaelKrugPhotography_49\" alt=\"Hildesheimer-Haus_Harz_Foto_MichaelKrugPhotography_49\" srcset=\"https:\/\/www.hildesheimer-haus.de\/home\/wp-content\/uploads\/2024\/02\/Hildesheimer-Haus_Harz_Foto_MichaelKrugPhotography_49.jpg 1024w, https:\/\/www.hildesheimer-haus.de\/home\/wp-content\/uploads\/2024\/02\/Hildesheimer-Haus_Harz_Foto_MichaelKrugPhotography_49-200x300.jpg 200w, https:\/\/www.hildesheimer-haus.de\/home\/wp-content\/uploads\/2024\/02\/Hildesheimer-Haus_Harz_Foto_MichaelKrugPhotography_49-683x1024.jpg 683w, https:\/\/www.hildesheimer-haus.de\/home\/wp-content\/uploads\/2024\/02\/Hildesheimer-Haus_Harz_Foto_MichaelKrugPhotography_49-768x1152.jpg 768w\" sizes=\"auto, (max-width: 1024px) 100vw, 1024px\" \/>    \n        <\/div>\n    <!-- \/image-wrap -->\n    \n        <\/div>\n<!-- \/module image -->        <\/div>\n                    <div  data-lazy=\"1\" class=\"module_column tb-column col3-1 tb_xwtf15 last\">\n                    <!-- module image -->\n<div  class=\"module module-image tb_1eyt361 image-top rounded drop-shadow  tf_mw\" data-lazy=\"1\">\n        <div class=\"image-wrap tf_rel tf_mw\">\n            <img loading=\"lazy\" decoding=\"async\" width=\"1024\" height=\"1536\" src=\"https:\/\/www.hildesheimer-haus.de\/home\/wp-content\/uploads\/2024\/02\/Hildesheimer-Haus_Harz_Foto_MichaelKrugPhotography_51.jpg\" class=\"wp-post-image wp-image-499\" title=\"Hildesheimer-Haus_Harz_Foto_MichaelKrugPhotography_51\" alt=\"Hildesheimer-Haus_Harz_Foto_MichaelKrugPhotography_51\" srcset=\"https:\/\/www.hildesheimer-haus.de\/home\/wp-content\/uploads\/2024\/02\/Hildesheimer-Haus_Harz_Foto_MichaelKrugPhotography_51.jpg 1024w, https:\/\/www.hildesheimer-haus.de\/home\/wp-content\/uploads\/2024\/02\/Hildesheimer-Haus_Harz_Foto_MichaelKrugPhotography_51-200x300.jpg 200w, https:\/\/www.hildesheimer-haus.de\/home\/wp-content\/uploads\/2024\/02\/Hildesheimer-Haus_Harz_Foto_MichaelKrugPhotography_51-683x1024.jpg 683w, https:\/\/www.hildesheimer-haus.de\/home\/wp-content\/uploads\/2024\/02\/Hildesheimer-Haus_Harz_Foto_MichaelKrugPhotography_51-768x1152.jpg 768w, https:\/\/www.hildesheimer-haus.de\/home\/wp-content\/uploads\/2024\/02\/Hildesheimer-Haus_Harz_Foto_MichaelKrugPhotography_51-683x1024-233x350.jpg 233w\" sizes=\"auto, (max-width: 1024px) 100vw, 1024px\" \/>    \n        <\/div>\n    <!-- \/image-wrap -->\n    \n        <\/div>\n<!-- \/module image -->        <\/div>\n                        <\/div>\n        <\/div>\n                        <div  data-lazy=\"1\" class=\"module_row themify_builder_row tb_d4zj219 tf_w\">\n                        <div class=\"row_inner col_align_top tb_col_count_1 tf_box tf_rel\">\n                        <div  data-lazy=\"1\" class=\"module_column tb-column col-full tb_6art219 first\">\n                    <!-- module text -->\n<div  class=\"module module-text tb_qlg7779   \" data-lazy=\"1\">\n        <div  class=\"tb_text_wrap\">\n        <h2><span style=\"font-size: 14pt;\">Was das Haus au\u00dfer unserem Rundum-Sorglos-Service so besonders macht?<\/span><\/h2>\n<p><span style=\"font-size: 14pt;\">Die Lage im Herzen Deutschlands ist unschlagbar. Anreisende kommen aus allen Himmelsrichtungen zu uns, weil ein Treffen im Harz wunderbar praktisch ist. Zu wissen, dass man das ganze Wochenende bei uns verbringt und nicht mehr fahren muss, um nach der Party ins Bett zu fallen, ist purer Luxus.\u00a0\u00a0<\/span><\/p>\n<p><span style=\"font-size: 14pt;\">In der N\u00e4he finden unsere G\u00e4ste eine unvergleichliche Ruhe in der Natur. Des nachts funkeln \u00fcber dem Hildesheimer Haus so klar die Sterne, wie Sie es vielleicht lange nicht mehr gesehen haben. G\u00f6nnen Sie sich die kleine &#8222;Auszeit&#8220; des Sterneschauens inmitten gr\u00f6\u00dften Feiertags-Trubels. Wir werden es niemandem verraten.\u00a0<\/span><\/p>\n<p><span style=\"font-size: 14pt;\">Durch die Ver\u00e4nderung des Waldes und seinen derzeitigen Prozess des \u201eUmbaus\u201c in neues Gr\u00fcn, bietet sich eine beeindruckende Kulisse f\u00fcr zum Beispiel Foto-Shootings oder Filmaufnahmen. F\u00fcr Brautpaare ist es entspannend zu wissen, dass sie den Ort nicht verlassen m\u00fcssen, um einzigartige Erinnerungen aufnehmen zu k\u00f6nnen.<\/span><\/p>\n<p><span style=\"font-size: 14pt;\">G\u00e4ste, die die Umgebung entdecken m\u00f6chten, wandern von unserem Haus aus direkt los in die Harzer Berge. Auch das Schwimmen in klaren Seen ist praktisch vor unserer Haust\u00fcr m\u00f6glich \u00a0\u2026wenn Sie sich denn die Zeit daf\u00fcr nehmen m\u00f6chten.<\/span><\/p>\n<p><span style=\"font-size: 14pt;\">Sollten die kuscheligen Betten in unserem Haus tats\u00e4chlich einmal nicht ausreichen, gibt es im Ort weitere, wunderbare \u00dcbernachtungsm\u00f6glichkeiten, wie zum Beispiel die <a href=\"https:\/\/www.harz-urlaubs-alm.de\/\" target=\"_blank\" rel=\"noopener\">Harz-Urlaubs-Alm<\/a>. Zum Kaffeeklatsch empfehlen wir das <a href=\"https:\/\/hausbarker.de\/\" target=\"_blank\" rel=\"noopener\">Caf\u00e9 Gl\u00fccksmoment<\/a>.\u00a0<\/span><\/p>\n<p><span style=\"font-size: 14pt;\"><a href=\"https:\/\/www.hildesheimer-haus.de\/home\/hildesheimer_haus\/veranstaltungen\/\" target=\"_blank\" rel=\"noopener\">Auch f\u00fcr Gruppenreisen, Seminare und Workshops bietet sich unser Haus an. Erfahren Sie hier mehr!\u00a0<\/a><\/span><\/p>    <\/div>\n<\/div>\n<!-- \/module text -->        <\/div>\n                        <\/div>\n        <\/div>\n                        <div  data-lazy=\"1\" class=\"module_row themify_builder_row tb_fza7768 tf_w\">\n                        <div class=\"row_inner col_align_top tb_col_count_3 tf_box tf_rel\">\n                        <div  data-lazy=\"1\" class=\"module_column tb-column col3-1 tb_b0wy768 first\">\n                            <\/div>\n                    <div  data-lazy=\"1\" class=\"module_column tb-column col3-1 tb_sz5f939\">\n                    <!-- module text -->\n<div  class=\"module module-text tb_my36341   \" data-lazy=\"1\">\n        <div  class=\"tb_text_wrap\">\n        <p style=\"text-align: center;\"><span style=\"font-size: 18pt;\">Entdecken Sie das Hildesheimer Haus f\u00fcr sich, surfen Sie durch unsere <a href=\"https:\/\/www.hildesheimer-haus.de\/home\/galerie\/\" target=\"_blank\" rel=\"noopener\">Foto-Galerie<\/a>, vereinbaren Sie einen <a href=\"https:\/\/www.hildesheimer-haus.de\/home\/kontakt-2\/\" target=\"_blank\" rel=\"noopener\">Besichtigungstermin<\/a>, oder senden Sie uns Ihre <a href=\"https:\/\/www.hildesheimer-haus.de\/home\/anfrage\/\" target=\"_blank\" rel=\"noopener\">Buchungsanfrage<\/a>.<\/span><\/p>\n<p style=\"text-align: center;\"><span style=\"font-size: 18pt;\">Wir freuen uns auf Sie!<\/span><\/p>\n<p><span style=\"font-size: 18pt;\">\u00a0<\/span><\/p>    <\/div>\n<\/div>\n<!-- \/module text -->        <\/div>\n                    <div  data-lazy=\"1\" class=\"module_column tb-column col3-1 tb_jdll593 last\">\n                            <\/div>\n                        <\/div>\n        <\/div>\n        <\/div>\n<!--\/themify_builder_content-->","protected":false},"excerpt":{"rendered":"<p>Willkommen im Hildesheimer Haus Die Event-Location im Harz Menschen, die uns besuchen f\u00e4llt es nicht schwer, sich ins das Hildesheimer Haus zu verlieben. Es bietet genau den R\u00fcckzugsort, den man sich f\u00fcr ein privates Treffen unter Freunden und Familie, ein unvergessliches Fest, eine Hochzeit, Jubil\u00e4um oder Geburtstag w\u00fcnscht. Das liegt gewiss daran, dass alles, was [&hellip;]<\/p>\n","protected":false},"author":1,"featured_media":0,"parent":0,"menu_order":0,"comment_status":"closed","ping_status":"closed","template":"","meta":{"footnotes":""},"class_list":["post-135","page","type-page","status-publish","hentry","has-post-title","has-post-date","has-post-category","has-post-tag","has-post-comment","has-post-author",""],"_links":{"self":[{"href":"https:\/\/www.hildesheimer-haus.de\/home\/wp-json\/wp\/v2\/pages\/135","targetHints":{"allow":["GET"]}}],"collection":[{"href":"https:\/\/www.hildesheimer-haus.de\/home\/wp-json\/wp\/v2\/pages"}],"about":[{"href":"https:\/\/www.hildesheimer-haus.de\/home\/wp-json\/wp\/v2\/types\/page"}],"author":[{"embeddable":true,"href":"https:\/\/www.hildesheimer-haus.de\/home\/wp-json\/wp\/v2\/users\/1"}],"replies":[{"embeddable":true,"href":"https:\/\/www.hildesheimer-haus.de\/home\/wp-json\/wp\/v2\/comments?post=135"}],"version-history":[{"count":28,"href":"https:\/\/www.hildesheimer-haus.de\/home\/wp-json\/wp\/v2\/pages\/135\/revisions"}],"predecessor-version":[{"id":724,"href":"https:\/\/www.hildesheimer-haus.de\/home\/wp-json\/wp\/v2\/pages\/135\/revisions\/724"}],"wp:attachment":[{"href":"https:\/\/www.hildesheimer-haus.de\/home\/wp-json\/wp\/v2\/media?parent=135"}],"curies":[{"name":"wp","href":"https:\/\/api.w.org\/{rel}","templated":true}]}}