{"id":159,"date":"2022-08-03T13:55:01","date_gmt":"2022-08-03T11:55:01","guid":{"rendered":"http:\/\/webs4ladies.de\/hildesheimerhaus\/hildesheimer-haus-copy\/"},"modified":"2024-11-05T22:06:44","modified_gmt":"2024-11-05T21:06:44","slug":"hochzeit-feiern-im-harz","status":"publish","type":"page","link":"https:\/\/www.hildesheimer-haus.de\/home\/hochzeit-feiern-im-harz\/","title":{"rendered":"Hochzeit"},"content":{"rendered":"<!--themify_builder_content-->\n<div id=\"themify_builder_content-159\" data-postid=\"159\" class=\"themify_builder_content themify_builder_content-159 themify_builder tf_clear\">\n                    <div  data-lazy=\"1\" class=\"module_row themify_builder_row tb_x4y3099 tb_first tf_w\">\n                        <span class=\"tf_hide row-slider tb_slider tf_abs\" data-bgmode=\"fullcover\" data-sliderspeed=\"2000\">\n                <span class=\"tf_abs row-slider-slides tf_w tf_hidden tf_clearfix\">\n                                <span data-bg=\"https:\/\/www.hildesheimer-haus.de\/home\/wp-content\/uploads\/2024\/02\/hildesheimer-haus_harz_foto-daniel_li_2.jpg\">\n                        <a href=\"javascript:;\" rel=\"nofollow\" class=\"row-slider-dot\" data-index=\"0\"><span class=\"screen-reader-text\">&bull;<\/span><\/a>\n                    <\/span>\n                                    <span data-bg=\"https:\/\/www.hildesheimer-haus.de\/home\/wp-content\/uploads\/2024\/02\/hildesheimer-haus_harz_foto-daniel_li_23-Kopie.jpg\">\n                        <a href=\"javascript:;\" rel=\"nofollow\" class=\"row-slider-dot\" data-index=\"1\"><span class=\"screen-reader-text\">&bull;<\/span><\/a>\n                    <\/span>\n                                    <span data-bg=\"https:\/\/www.hildesheimer-haus.de\/home\/wp-content\/uploads\/2024\/02\/hochzeit_hildesheimer-haus_harz_foto_soulexpression_32.jpg\">\n                        <a href=\"javascript:;\" rel=\"nofollow\" class=\"row-slider-dot\" data-index=\"2\"><span class=\"screen-reader-text\">&bull;<\/span><\/a>\n                    <\/span>\n                                    <span data-bg=\"https:\/\/www.hildesheimer-haus.de\/home\/wp-content\/uploads\/2024\/02\/hochzeit_hildesheimer-haus_harz_foto_soulexpression_22.jpg\">\n                        <a href=\"javascript:;\" rel=\"nofollow\" class=\"row-slider-dot\" data-index=\"3\"><span class=\"screen-reader-text\">&bull;<\/span><\/a>\n                    <\/span>\n                                    <span data-bg=\"https:\/\/www.hildesheimer-haus.de\/home\/wp-content\/uploads\/2024\/02\/Hildesheimer-Haus_Harz_Foto_MichaelKrugPhotography_4.jpg\">\n                        <a href=\"javascript:;\" rel=\"nofollow\" class=\"row-slider-dot\" data-index=\"4\"><span class=\"screen-reader-text\">&bull;<\/span><\/a>\n                    <\/span>\n                                    <span data-bg=\"https:\/\/www.hildesheimer-haus.de\/home\/wp-content\/uploads\/2024\/02\/Hildesheimer-Haus_Harz_Foto_MichaelKrugPhotography_15.jpg\">\n                        <a href=\"javascript:;\" rel=\"nofollow\" class=\"row-slider-dot\" data-index=\"5\"><span class=\"screen-reader-text\">&bull;<\/span><\/a>\n                    <\/span>\n                                    <span data-bg=\"https:\/\/www.hildesheimer-haus.de\/home\/wp-content\/uploads\/2024\/02\/hildesheimer-haus_hochzeit_harz_foto_woodinheart_35-scaled.jpg\">\n                        <a href=\"javascript:;\" rel=\"nofollow\" class=\"row-slider-dot\" data-index=\"6\"><span class=\"screen-reader-text\">&bull;<\/span><\/a>\n                    <\/span>\n                                <\/span>\n                <span class=\"row-slider-nav tf_abs_t tf_w\">\n                    <a href=\"javascript:;\" rel=\"nofollow\" class=\"row-slider-arrow row-slider-prev tf_hidden tf_abs_t\"><span class=\"screen-reader-text\">&larr;<\/span><\/a>\n                    <a href=\"javascript:;\" rel=\"nofollow\" class=\"row-slider-arrow row-slider-next tf_hidden tf_abs_t\"><span class=\"screen-reader-text\">&rarr;<\/span><\/a>\n                <\/span>\n            <\/span>\n                        <div class=\"row_inner col_align_top tb_col_count_1 tf_box tf_rel\">\n                        <div  data-lazy=\"1\" class=\"module_column tb-column col-full tb_oxwm098 first\">\n                            <div  data-lazy=\"1\" class=\"module_subrow themify_builder_sub_row tf_w col_align_top tb_col_count_3 tb_ms25700\">\n                <div  data-lazy=\"1\" class=\"module_column sub_column col3-1 tb_0khl777 first\">\n                            <\/div>\n                    <div  data-lazy=\"1\" class=\"module_column sub_column col3-1 tb_5p3f988\">\n                    <!-- module fancy heading -->\n<div  class=\"module module-fancy-heading tb_lz7x080  tb_hide_divider\" data-lazy=\"1\">\n        <h3 class=\"fancy-heading tf_textc\">\n    <span class=\"main-head tf_block\">\n                                <\/span>\n\n    \n    <span class=\"sub-head tf_block tf_rel\">\n                                <\/span>\n    <\/h3>\n<\/div>\n<!-- \/module fancy heading -->\n        <\/div>\n                    <div  data-lazy=\"1\" class=\"module_column sub_column col3-1 tb_8jyq088 last\">\n                            <\/div>\n                    <\/div>\n                <\/div>\n                        <\/div>\n        <\/div>\n                        <div  data-lazy=\"1\" class=\"module_row themify_builder_row tb_bj5n334 tf_w\">\n                        <div class=\"row_inner col_align_top tb_col_count_2 tf_box tf_rel\">\n                        <div  data-lazy=\"1\" class=\"module_column tb-column col4-2 tb_qzzz334 first\">\n                    <!-- module text -->\n<div  class=\"module module-text tb_nmh6598   \" data-lazy=\"1\">\n        <div  class=\"tb_text_wrap\">\n        <h2>Hochzeit feiern im Harz<\/h2>\n<p><span style=\"font-size: 18pt;\">Traumtage im Hildesheimer Haus Buntenbock<\/span><\/p>\n<p><span style=\"font-size: 14pt;\">Es gibt unz\u00e4hlige Gr\u00fcnde, die das Feiern im Hildesheimer Haus so besonders machen. Der unvergleichliche Charme, den das Haus verspr\u00fcht, die Freiheiten, die man hier genie\u00dft, ein Fest ganz nach seinem Geschmack gestalten zu k\u00f6nnen und seinen G\u00e4sten damit eine unvergesslich sch\u00f6ne Feier zu bescheren. Dazu k\u00f6nnen Sie Familie und Freunden am gleichen Fleck ein gem\u00fctliches Bett anbieten. Das Abenteuer &#8222;Hochzeitswochenende&#8220; kann beginnen&#8230;<\/span><\/p>\n<p><span style=\"font-size: 18pt;\">Hochzeit feiern im Hildesheimer Haus ist vom Ankommen und der ersten warmen Umarmung bis zum Winken beim Abschied am Sonntagmorgen ein Erlebnis voller Genuss und unbezahlbarer Momente.\u00a0<\/span><\/p>\n<p><span style=\"font-size: 18pt;\">Versprochen!<\/span><\/p>    <\/div>\n<\/div>\n<!-- \/module text -->        <\/div>\n                    <div  data-lazy=\"1\" class=\"module_column tb-column col4-2 tb_a8kr334 last\">\n                    <!-- module image -->\n<div  class=\"module module-image tb_jmje72 image-top rounded drop-shadow  tf_mw\" data-lazy=\"1\">\n        <div class=\"image-wrap tf_rel tf_mw\">\n            <img decoding=\"async\" src=\"https:\/\/www.hildesheimer-haus.de\/home\/wp-content\/uploads\/2024\/02\/Hildesheimer-Haus_Harz_Foto_MichaelKrugPhotography_20-683x1024-333x500.jpg\" height=\"500\" class=\"wp-post-image wp-image-558\" title=\"Hildesheimer-Haus_Harz_Foto_MichaelKrugPhotography_20\" alt=\"Hildesheimer-Haus_Harz_Foto_MichaelKrugPhotography_20\" srcset=\"https:\/\/www.hildesheimer-haus.de\/home\/wp-content\/uploads\/2024\/02\/Hildesheimer-Haus_Harz_Foto_MichaelKrugPhotography_20-683x1024-333x500.jpg 333w, https:\/\/www.hildesheimer-haus.de\/home\/wp-content\/uploads\/2024\/02\/Hildesheimer-Haus_Harz_Foto_MichaelKrugPhotography_20-200x300.jpg 200w, https:\/\/www.hildesheimer-haus.de\/home\/wp-content\/uploads\/2024\/02\/Hildesheimer-Haus_Harz_Foto_MichaelKrugPhotography_20-683x1024.jpg 683w, https:\/\/www.hildesheimer-haus.de\/home\/wp-content\/uploads\/2024\/02\/Hildesheimer-Haus_Harz_Foto_MichaelKrugPhotography_20-768x1152.jpg 768w, https:\/\/www.hildesheimer-haus.de\/home\/wp-content\/uploads\/2024\/02\/Hildesheimer-Haus_Harz_Foto_MichaelKrugPhotography_20-683x1024-233x350.jpg 233w, https:\/\/www.hildesheimer-haus.de\/home\/wp-content\/uploads\/2024\/02\/Hildesheimer-Haus_Harz_Foto_MichaelKrugPhotography_20-683x1024-300x450.jpg 300w, https:\/\/www.hildesheimer-haus.de\/home\/wp-content\/uploads\/2024\/02\/Hildesheimer-Haus_Harz_Foto_MichaelKrugPhotography_20.jpg 1024w\" sizes=\"(max-width: 333px) 100vw, 333px\" \/>    \n        <\/div>\n    <!-- \/image-wrap -->\n    \n        <\/div>\n<!-- \/module image -->        <\/div>\n                        <\/div>\n        <\/div>\n                        <div  data-lazy=\"1\" class=\"module_row themify_builder_row tb_vj27108 tf_w\">\n                        <div class=\"row_inner col_align_top tb_col_count_2 tf_box tf_rel\">\n                        <div  data-lazy=\"1\" class=\"module_column tb-column col4-2 tb_tdrh108 first\">\n                    <!-- module image -->\n<div  class=\"module module-image tb_o5kj108 image-top rounded drop-shadow  tf_mw\" data-lazy=\"1\">\n        <div class=\"image-wrap tf_rel tf_mw\">\n            <img loading=\"lazy\" decoding=\"async\" src=\"https:\/\/www.hildesheimer-haus.de\/home\/wp-content\/uploads\/2024\/02\/Hildesheimer-Haus_Hochzeit_Harz_Foto-Ben-Kruse_1-1024x683-573x380.jpg\" width=\"573\" height=\"380\" class=\"wp-post-image wp-image-395\" title=\"Hildesheimer-Haus_Hochzeit_Harz_Foto-Ben-Kruse_1\" alt=\"Hildesheimer-Haus_Hochzeit_Harz_Foto-Ben-Kruse_1\" srcset=\"https:\/\/www.hildesheimer-haus.de\/home\/wp-content\/uploads\/2024\/02\/Hildesheimer-Haus_Hochzeit_Harz_Foto-Ben-Kruse_1-1024x683-573x380.jpg 573w, https:\/\/www.hildesheimer-haus.de\/home\/wp-content\/uploads\/2024\/02\/Hildesheimer-Haus_Hochzeit_Harz_Foto-Ben-Kruse_1-300x200.jpg 300w\" sizes=\"auto, (max-width: 573px) 100vw, 573px\" \/>    \n        <\/div>\n    <!-- \/image-wrap -->\n    \n        <\/div>\n<!-- \/module image -->        <\/div>\n                    <div  data-lazy=\"1\" class=\"module_column tb-column col4-2 tb_fykd108 last\">\n                    <!-- module text -->\n<div  class=\"module module-text tb_ozee108   \" data-lazy=\"1\">\n        <div  class=\"tb_text_wrap\">\n        <h2 style=\"text-align: center;\">Die besondere Event-Location<\/h2>\n<p style=\"text-align: center;\"><span style=\"font-size: 14pt;\">Das Haus mit seinem schmucken Saal und der wunderbar gro\u00dfe Garten lassen auch Ihre Tr\u00e4ume von einem entspannten wie stilvollem Fest wahr werden. Vielleicht starten Sie mit einer Freien Trauung im Gr\u00fcnen, danach laden Sie zum Empfang mit Sekt und Torte, bevor Sie sich gem\u00fctlich niederlassen und die Stimmung im Sonnenschein genie\u00dfen?!\u00a0<\/span><\/p>\n<p style=\"text-align: center;\"><span style=\"font-size: 14pt;\">Wenn Ihnen Ihre G\u00e4ste zum Abend in den funkelnden Saal folgen, hat der Caterer das Essen und unser Service-Personal noch einmal seine Sch\u00fcrzen gerichtet, dann ist alles bereit f\u00fcr ein k\u00f6stliches Mahl und den anschlie\u00dfenden Tanz in die Nacht.\u00a0<\/span><\/p>    <\/div>\n<\/div>\n<!-- \/module text -->        <\/div>\n                        <\/div>\n        <\/div>\n                        <div  data-lazy=\"1\" class=\"module_row themify_builder_row tb_wg9v83 tf_w\">\n                        <div class=\"row_inner col_align_top tb_col_count_2 tf_box tf_rel\">\n                        <div  data-lazy=\"1\" class=\"module_column tb-column col4-2 tb_nq9g83 first\">\n                    <!-- module text -->\n<div  class=\"module module-text tb_iz8u272   \" data-lazy=\"1\">\n        <div  class=\"tb_text_wrap\">\n        <h2 style=\"text-align: center;\">Ihr Hochzeitswochenende<\/h2>\n<p style=\"text-align: center;\"><span style=\"font-size: 14pt;\">Und liegt es sehr am Herzen, dass sich alle G\u00e4ste unseres Hauses zu jeder Zeit wohlf\u00fchlen. F\u00fcr Brautpaare halten wir ein zauberhaftes Hochzeitszimmer bereit, in dem sich die Braut mit ihren Vertrauten in Ruhe vorbereiten und das Brautpaar eine besondere Hochzeitsnacht verleben kann.\u00a0<\/span><\/p>\n<p style=\"text-align: center;\"><span style=\"font-size: 14pt;\">Die Zimmer und Appartements unseres Hauses verteilen sich \u00fcber drei Etagen und sind perfekt f\u00fcr bunt gemischte Gesellschaften, in denen erfahrungsgem\u00e4\u00df vom j\u00fcngsten bis zum \u00e4ltesten Gast individuelle Bed\u00fcrfnisse gepflegt werden m\u00f6chten. Eine Ruhepause zwischendurch, die Garderobe wechseln, oder das Baby schlafen legen &#8211; Im Hildesheimer Haus alles kein Problem!\u00a0<\/span><\/p>    <\/div>\n<\/div>\n<!-- \/module text -->        <\/div>\n                    <div  data-lazy=\"1\" class=\"module_column tb-column col4-2 tb_07ar83 last\">\n                    <!-- module image -->\n<div  class=\"module module-image tb_vu7t466 image-top rounded drop-shadow  tf_mw\" data-lazy=\"1\">\n        <div class=\"image-wrap tf_rel tf_mw\">\n            <img loading=\"lazy\" decoding=\"async\" src=\"https:\/\/www.hildesheimer-haus.de\/home\/wp-content\/uploads\/2024\/01\/Hildesheimer-Haus_Buntenbock_Harz_Foto-Inka-Baethge-1024x683-618x411.jpg\" width=\"618\" height=\"411\" class=\"wp-post-image wp-image-388\" title=\"Hildesheimer-Haus_Buntenbock_Harz_Foto-Inka-B\u00e4thge\" alt=\"Hildesheimer-Haus_Buntenbock_Harz_Foto-Inka-B\u00e4thge\" srcset=\"https:\/\/www.hildesheimer-haus.de\/home\/wp-content\/uploads\/2024\/01\/Hildesheimer-Haus_Buntenbock_Harz_Foto-Inka-Baethge-1024x683-618x411.jpg 618w, https:\/\/www.hildesheimer-haus.de\/home\/wp-content\/uploads\/2024\/01\/Hildesheimer-Haus_Buntenbock_Harz_Foto-Inka-Baethge-300x200.jpg 300w, https:\/\/www.hildesheimer-haus.de\/home\/wp-content\/uploads\/2024\/01\/Hildesheimer-Haus_Buntenbock_Harz_Foto-Inka-Baethge-1024x683.jpg 1024w, https:\/\/www.hildesheimer-haus.de\/home\/wp-content\/uploads\/2024\/01\/Hildesheimer-Haus_Buntenbock_Harz_Foto-Inka-Baethge-768x512.jpg 768w, https:\/\/www.hildesheimer-haus.de\/home\/wp-content\/uploads\/2024\/01\/Hildesheimer-Haus_Buntenbock_Harz_Foto-Inka-Baethge.jpg 1500w\" sizes=\"auto, (max-width: 618px) 100vw, 618px\" \/>    \n        <\/div>\n    <!-- \/image-wrap -->\n    \n        <\/div>\n<!-- \/module image -->        <\/div>\n                        <\/div>\n        <\/div>\n                        <div  data-lazy=\"1\" class=\"module_row themify_builder_row tb_ks66493 tf_w\">\n                        <div class=\"row_inner col_align_top tb_col_count_2 tf_box tf_rel\">\n                        <div  data-lazy=\"1\" class=\"module_column tb-column col4-2 tb_e072494 first\">\n                    <!-- module image -->\n<div  class=\"module module-image tb_gcd8508 image-top rounded drop-shadow  tf_mw\" data-lazy=\"1\">\n        <div class=\"image-wrap tf_rel tf_mw\">\n            <img loading=\"lazy\" decoding=\"async\" width=\"856\" height=\"609\" src=\"https:\/\/www.hildesheimer-haus.de\/home\/wp-content\/uploads\/2024\/02\/hildesheimer-haus_hochzeit_harz_foto_woodinheart_043.jpg\" class=\"wp-post-image wp-image-806\" title=\"hildesheimer-haus_hochzeit_harz_foto_woodinheart_043\" alt=\"hildesheimer-haus_hochzeit_harz_foto_woodinheart_043\" srcset=\"https:\/\/www.hildesheimer-haus.de\/home\/wp-content\/uploads\/2024\/02\/hildesheimer-haus_hochzeit_harz_foto_woodinheart_043.jpg 856w, https:\/\/www.hildesheimer-haus.de\/home\/wp-content\/uploads\/2024\/02\/hildesheimer-haus_hochzeit_harz_foto_woodinheart_043-300x213.jpg 300w, https:\/\/www.hildesheimer-haus.de\/home\/wp-content\/uploads\/2024\/02\/hildesheimer-haus_hochzeit_harz_foto_woodinheart_043-768x546.jpg 768w\" sizes=\"auto, (max-width: 856px) 100vw, 856px\" \/>    \n        <\/div>\n    <!-- \/image-wrap -->\n    \n        <\/div>\n<!-- \/module image -->        <\/div>\n                    <div  data-lazy=\"1\" class=\"module_column tb-column col4-2 tb_jnzl494 last\">\n                    <!-- module text -->\n<div  class=\"module module-text tb_srx2169   \" data-lazy=\"1\">\n        <div  class=\"tb_text_wrap\">\n        <h2>Unsere Empfehlungen<\/h2>\n<p class=\"MsoNormal\"><span style=\"font-size: 14pt;\">Im Laufe der Jahre haben sich Kontakte zu zuverl\u00e4ssigen Partnern und Dienstleistern ergeben, die wir mit gutem Gewissen und aus der Erfahrung heraus <a href=\"https:\/\/www.hildesheimer-haus.de\/home\/partner\/\" target=\"_blank\" rel=\"noopener\">von Herzen gern empfehlen<\/a>. Sie zeichnen sich durch professionelles Auftreten, Umsicht und K\u00f6nnen aus. Dazu haben sie alle das Herz am richtigen Fleck und bringen die Stimmung mit, die man sich f\u00fcr einen ganz besonderen Anlass w\u00fcnscht.<\/span><\/p>\n<p class=\"MsoNormal\"><span style=\"font-size: 14pt;\">Was das Sch\u00f6nste nach einem Hochzeitswochenende ist? Von unseren Brautpaaren h\u00f6ren zu d\u00fcrfen,<\/span><\/p>\n<p class=\"MsoNormal\"><span style=\"font-size: 14pt;\"><strong>\u201eGenauso w\u00fcrden wir es immer wieder machen!\u201c\u00a0<\/strong><\/span><\/p>    <\/div>\n<\/div>\n<!-- \/module text -->        <\/div>\n                        <\/div>\n        <\/div>\n                        <div  data-lazy=\"1\" class=\"module_row themify_builder_row tb_ayi4928 tf_w\">\n                        <div class=\"row_inner col_align_top tb_col_count_3 tf_box tf_rel\">\n                        <div  data-lazy=\"1\" class=\"module_column tb-column col3-1 tb_b6vu928 first\">\n                            <\/div>\n                    <div  data-lazy=\"1\" class=\"module_column tb-column col3-1 tb_j8rr928\">\n                    <!-- module text -->\n<div  class=\"module module-text tb_7ug1928   \" data-lazy=\"1\">\n        <div  class=\"tb_text_wrap\">\n        <p style=\"text-align: center;\"><span style=\"font-size: 18pt;\">\u00a0<\/span><span style=\"font-size: 18pt;\">Sie haben das Gef\u00fchl, dass wir Ihnen genau das bieten k\u00f6nnen, was Sie sich w\u00fcnschen?<\/span><\/p>\n<p style=\"text-align: center;\"><strong><a href=\"https:\/\/www.hildesheimer-haus.de\/home\/anfrage\/\"><span style=\"font-size: 18pt;\">Nehmen Sie gern Kontakt zu uns auf!<\/span><\/a><\/strong><\/p>    <\/div>\n<\/div>\n<!-- \/module text -->        <\/div>\n                    <div  data-lazy=\"1\" class=\"module_column tb-column col3-1 tb_kl1o450 last\">\n                    <!-- module image -->\n<div  class=\"module module-image tb_99iu928 image-center   tf_mw\" data-lazy=\"1\" data-lax-translate-y=\"(vh*1) 0,(vh*0) -70\" data-lax=\"true\">\n        <div class=\"image-wrap tf_rel tf_mw\">\n            <img loading=\"lazy\" decoding=\"async\" src=\"https:\/\/www.hildesheimer-haus.de\/home\/wp-content\/uploads\/2022\/03\/logo_HIHA-200x150.png\" width=\"200\" height=\"150\" class=\"wp-post-image wp-image-15\" title=\"Hildesheimer Haus Buntenbock Logo\" alt=\"Hildesheimer Haus Buntenbock Logo\" srcset=\"https:\/\/www.hildesheimer-haus.de\/home\/wp-content\/uploads\/2022\/03\/logo_HIHA-200x150.png 200w, https:\/\/www.hildesheimer-haus.de\/home\/wp-content\/uploads\/2022\/03\/logo_HIHA.png 300w\" sizes=\"auto, (max-width: 200px) 100vw, 200px\" \/>    \n        <\/div>\n    <!-- \/image-wrap -->\n    \n        <\/div>\n<!-- \/module image -->        <\/div>\n                        <\/div>\n        <\/div>\n        <\/div>\n<!--\/themify_builder_content-->","protected":false},"excerpt":{"rendered":"<p>Hochzeit feiern im Harz Traumtage im Hildesheimer Haus Buntenbock Es gibt unz\u00e4hlige Gr\u00fcnde, die das Feiern im Hildesheimer Haus so besonders machen. Der unvergleichliche Charme, den das Haus verspr\u00fcht, die Freiheiten, die man hier genie\u00dft, ein Fest ganz nach seinem Geschmack gestalten zu k\u00f6nnen und seinen G\u00e4sten damit eine unvergesslich sch\u00f6ne Feier zu bescheren. Dazu [&hellip;]<\/p>\n","protected":false},"author":1,"featured_media":0,"parent":0,"menu_order":0,"comment_status":"closed","ping_status":"closed","template":"","meta":{"footnotes":""},"class_list":["post-159","page","type-page","status-publish","hentry","has-post-title","has-post-date","has-post-category","has-post-tag","has-post-comment","has-post-author",""],"_links":{"self":[{"href":"https:\/\/www.hildesheimer-haus.de\/home\/wp-json\/wp\/v2\/pages\/159","targetHints":{"allow":["GET"]}}],"collection":[{"href":"https:\/\/www.hildesheimer-haus.de\/home\/wp-json\/wp\/v2\/pages"}],"about":[{"href":"https:\/\/www.hildesheimer-haus.de\/home\/wp-json\/wp\/v2\/types\/page"}],"author":[{"embeddable":true,"href":"https:\/\/www.hildesheimer-haus.de\/home\/wp-json\/wp\/v2\/users\/1"}],"replies":[{"embeddable":true,"href":"https:\/\/www.hildesheimer-haus.de\/home\/wp-json\/wp\/v2\/comments?post=159"}],"version-history":[{"count":30,"href":"https:\/\/www.hildesheimer-haus.de\/home\/wp-json\/wp\/v2\/pages\/159\/revisions"}],"predecessor-version":[{"id":1230,"href":"https:\/\/www.hildesheimer-haus.de\/home\/wp-json\/wp\/v2\/pages\/159\/revisions\/1230"}],"wp:attachment":[{"href":"https:\/\/www.hildesheimer-haus.de\/home\/wp-json\/wp\/v2\/media?parent=159"}],"curies":[{"name":"wp","href":"https:\/\/api.w.org\/{rel}","templated":true}]}}