{"id":248,"date":"2022-11-09T15:15:54","date_gmt":"2022-11-09T14:15:54","guid":{"rendered":"http:\/\/webs4ladies.de\/hildesheimerhaus\/preise-copy\/"},"modified":"2025-08-17T17:32:24","modified_gmt":"2025-08-17T15:32:24","slug":"kontakt-2","status":"publish","type":"page","link":"https:\/\/www.hildesheimer-haus.de\/home\/kontakt-2\/","title":{"rendered":"Kontakt"},"content":{"rendered":"<!--themify_builder_content-->\n<div id=\"themify_builder_content-248\" data-postid=\"248\" class=\"themify_builder_content themify_builder_content-248 themify_builder tf_clear\">\n                    <div  data-lazy=\"1\" class=\"module_row themify_builder_row tb_c8v6118 tb_first tf_w\">\n                        <div class=\"row_inner col_align_top tb_col_count_1 tf_box tf_rel\">\n                        <div  data-lazy=\"1\" class=\"module_column tb-column col-full tb_l463007 first\">\n                            <div  data-lazy=\"1\" class=\"module_subrow themify_builder_sub_row tf_w col_align_top tb_col_count_1 tb_u8xe625\">\n                <div  data-lazy=\"1\" class=\"module_column sub_column col-full tb_24u7000 first\">\n                    <!-- module fancy heading -->\n<div  class=\"module module-fancy-heading tb_k3or022 \" data-lazy=\"1\">\n        <h3 class=\"fancy-heading tf_textc\">\n    <span class=\"main-head tf_block\">\n                                <\/span>\n\n    \n    <span class=\"sub-head tf_block tf_rel\">\n                                <\/span>\n    <\/h3>\n<\/div>\n<!-- \/module fancy heading -->\n        <\/div>\n                    <\/div>\n                <\/div>\n                        <\/div>\n        <\/div>\n                        <div  data-css_id=\"3nmu200\" data-lazy=\"1\" class=\"module_row themify_builder_row fullwidth_row_container tb_3nmu200 tf_w\">\n                        <div class=\"row_inner col_align_top tb_col_count_2 tf_box tf_rel\">\n                        <div  data-lazy=\"1\" class=\"module_column tb-column col4-2 tb_fk8l552 first\">\n                    <!-- module image -->\n<div  class=\"module module-image tb_k7ku618 image-card-layout rounded drop-shadow  tf_mw hover-wow\" data-tf-animation_hover=\"fadeInLeftBig\" data-lazy=\"1\">\n        <div class=\"image-wrap tf_rel tf_mw\">\n            <img loading=\"lazy\" decoding=\"async\" src=\"https:\/\/www.hildesheimer-haus.de\/home\/wp-content\/uploads\/2024\/02\/hildesheimer-haus_buntenbock_gastgeber-500x600.jpg\" width=\"500\" height=\"600\" class=\"wp-post-image wp-image-411\" title=\"hildesheimer-haus_buntenbock_gastgeber\" alt=\"hildesheimer-haus_buntenbock_gastgeber\">    \n        <\/div>\n    <!-- \/image-wrap -->\n    \n        <\/div>\n<!-- \/module image -->        <\/div>\n                    <div  data-lazy=\"1\" class=\"module_column tb-column col4-2 tb_6c7c102 last\">\n                    <!-- module text -->\n<div  class=\"module module-text tb_teef877   \" data-lazy=\"1\">\n        <div  class=\"tb_text_wrap\">\n        <p><span style=\"font-size: 18pt; font-weight: bold;\">Event-Location<\/span><\/p>\n<p><span style=\"font-size: 24px; font-weight: bold;\">HILDESHEIMER HAUS<\/span><\/p>\n<p><span style=\"font-size: 14pt;\">Zu folgenden Zeiten sind wir telefonisch f\u00fcr Sie erreichbar:<\/span><\/p>\n<p><span style=\"font-size: 14pt;\">Montag, Dienstag &amp; Mittwoch\u00a0 von 8:30 &#8211; 13:00<\/span><\/p>\n<p><span style=\"font-size: 14pt;\">Freitag von 8:30 &#8211; 18:00<\/span><\/p>\n<p><span style=\"font-size: 14pt;\">Donnerstag Ruhetag<\/span><\/p>\n<p><span style=\"font-size: 14pt;\">\u00a0<\/span><\/p>\n<p><span style=\"font-size: 14pt;\">Telefon:<\/span><\/p>\n<p><span style=\"font-size: 18pt;\">+49 (0) 53 23 &#8211; 71 59 92\u00a0<\/span><\/p>\n<p><span style=\"font-size: 14pt;\">\u00a0<\/span><\/p>\n<p><span style=\"font-size: 14pt;\">Senden Sie uns gerne eine\u00a0<a href=\"mailto:info@hildesheimer-haus.de\">E-Mail<\/a>\u00a0<\/span><span style=\"font-size: 14pt;\">oder nutzen Sie unten folgendes Kontaktformular.<\/span><\/p>\n<p><span style=\"font-size: 14pt;\">\u00a0<\/span><\/p>\n<p><span style=\"font-size: 12pt;\"><a href=\"https:\/\/www.instagram.com\/hildesheimerhaus.buntenbock\/\" target=\"_blank\" rel=\"noopener\">Folgen Sie uns bei Instagram<\/a><\/span><\/p>    <\/div>\n<\/div>\n<!-- \/module text -->        <\/div>\n                        <\/div>\n        <\/div>\n                        <div  data-css_id=\"309w13\" data-lazy=\"1\" class=\"module_row themify_builder_row fullwidth_row_container tb_309w13 tf_w\">\n                        <div class=\"row_inner col_align_top tb_col_count_2 tf_box tf_rel\">\n                        <div  data-lazy=\"1\" class=\"module_column tb-column col4-2 tb_keh813 first\">\n                            <\/div>\n                    <div  data-lazy=\"1\" class=\"module_column tb-column col4-2 tb_6a7q671 last\">\n                    <!-- module text -->\n<div  class=\"module module-text tb_x2ye115   \" data-lazy=\"1\">\n        <div  class=\"tb_text_wrap\">\n        <p><span style=\"font-size: 18pt;\">Sie m\u00f6chten das Hildesheimer Haus besichtigen?<\/span><\/p>\n<p><span style=\"font-size: 14pt;\">Ein pers\u00f6nliches Kennenlernen ist auch uns ausgesprochen wichtig. Vereinbaren Sie gerne einen Besichtigungstermin mit uns und wir zeigen Ihnen unser sch\u00f6nes Hildesheimer Haus, den Saal, die Zimmer und Appartements. Planen Sie f\u00fcr unseren Rundgang und ein Gespr\u00e4ch bis zu 1,5 Stunden ein. Beachten Sie bitte, dass wir Sie an den Wochenenden nicht empfangen k\u00f6nnen, weil wir dann ganz im Dienst unserer Hausg\u00e4ste stehen.\u00a0<\/span><\/p>\n<p><span style=\"font-size: 14pt;\">*** Im M\u00e4rz 2026 befinden wir uns in Betriebsruhe ***<\/span><\/p>    <\/div>\n<\/div>\n<!-- \/module text --><!-- module contact -->\n<div  id=\"tb_wc85181\" class=\"module module-contact tb_wc85181 contact-style1 \" data-lazy=\"1\">\n    <h3 class=\"module-title\">Kontaktformular<\/h3>\n\t<form class=\"builder-contact\"\n\t\tid=\"tb_wc85181-form\"\n\t\tmethod=\"post\"\n\t\tdata-post-id=\"248\"\n\t\tdata-element-id=\"wc85181\"\n\t\tdata-orig-id=\"248\"\n\t>\n    <div class=\"contact-message\"><\/div>\n\t<input type=\"hidden\" id=\"bc_nonce\" name=\"bc_nonce\" value=\"7d35a3c3af\" \/><input type=\"hidden\" name=\"_wp_http_referer\" value=\"\/home\/wp-json\/wp\/v2\/pages\/248\" \/>\t<div class=\"builder-contact-fields tf_rel\">\n\t\t    \t\t    <div class=\"builder-contact-field builder-contact-field-name builder-contact-text-field\">\n\t\t\t    <label class=\"control-label\" for=\"tb_wc85181-contact-name\">\n\t\t\t\t\t\t\t\t\t\t<span class=\"tb-label-span\">Name <\/span><span class=\"required\">*<\/span>\t\t\t\t<\/label>\n\t\t\t    <div class=\"control-input tf_rel\">\n\t\t\t\t    \t\t\t\t\t    <input type=\"text\" name=\"contact-name\" placeholder=\"\" id=\"tb_wc85181-contact-name\" value=\"\" class=\"form-control\" required>\n\t\t\t\t    \t\t\t\t    \t\t\t    <\/div>\n\t\t<\/div>\n\t    \n\t\t    \t\t    <div class=\"builder-contact-field builder-contact-field-email builder-contact-text-field\">\n\t\t\t    <label class=\"control-label\" for=\"tb_wc85181-contact-email\">\n\t\t\t\t\t\t\t\t\t\t<span class=\"tb-label-span\">Email <\/span><span class=\"required\">*<\/span>\t\t\t\t<\/label>\n\t\t\t    <div class=\"control-input tf_rel\">\n\t\t\t\t    \t\t\t\t\t    <input type=\"email\" name=\"contact-email\" placeholder=\"\" id=\"tb_wc85181-contact-email\" value=\"\" class=\"form-control\" required>\n\t\t\t\t    \t\t\t\t    \t\t\t    <\/div>\n\t\t<\/div>\n\t    \n\t\t    \t\t    <div class=\"builder-contact-field builder-contact-field-subject builder-contact-text-field\">\n\t\t\t    <label class=\"control-label\" for=\"tb_wc85181-contact-subject\">\n\t\t\t\t\t\t\t\t\t\t<span class=\"tb-label-span\">Betreff <\/span><span class=\"required\">*<\/span>\t\t\t\t<\/label>\n\t\t\t    <div class=\"control-input tf_rel\">\n\t\t\t\t    \t\t\t\t\t    <input type=\"text\" name=\"contact-subject\" placeholder=\"\" id=\"tb_wc85181-contact-subject\" value=\"\" class=\"form-control\" required>\n\t\t\t\t    \t\t\t\t    \t\t\t    <\/div>\n\t\t<\/div>\n\t    \n\t\t    \t\t    <div class=\"builder-contact-field builder-contact-field-message builder-contact-textarea-field\">\n\t\t\t    <label class=\"control-label\" for=\"tb_wc85181-contact-message\">\n\t\t\t\t\t\t\t\t\t\t<span class=\"tb-label-span\">Nachricht <\/span>\t\t\t\t<\/label>\n\t\t\t    <div class=\"control-input tf_rel\">\n\t\t\t\t    \t\t\t\t\t    <textarea name=\"contact-message\" placeholder=\"\" id=\"tb_wc85181-contact-message\" class=\"form-control\"><\/textarea>\n\t\t\t\t    \t\t\t\t    \t\t\t    <\/div>\n\t\t<\/div>\n\t    \n\t\t    \t\t<div class=\"builder-contact-field builder-contact-field-sendcopy\">\n\t\t    <div class=\"control-label\">\n\t\t\t\t<div class=\"control-input tf_rel\">\n\t\t\t\t\t<label class=\"send-copy\">\n\t\t\t\t\t\t<input type=\"checkbox\" name=\"contact-sendcopy\" id=\"tb_wc85181-sendcopy\" value=\"1\">\n\t\t\t\t\t\t<span>Kopie per Email erhalten<\/span>\n\t\t\t\t\t<\/label>\n\t\t\t\t<\/div>\n\t\t    <\/div>\n\t\t<\/div>\n\t    \t\t\n\t\t\t\t\t<div class=\"builder-contact-field builder-contact-field-gdpr\">\n\t\t\t\t<div class=\"control-label\">\n\t\t\t\t\t<div class=\"control-input tf_rel\">\n\t\t\t\t\t\t<label class=\"field-gdpr\">\n\t\t\t\t\t\t\t<input type=\"checkbox\" name=\"gdpr\" value=\"1\" required>\n\t\t\t\t\t\t\t<span><a href=\"https:\/\/www.hildesheimer-haus.de\/home\/datenschutzerklaerung\/\" target=\"_blank\" rel=\"noopener\">Datenschutzerkl\u00e4rung<\/a> zustimmen.<br>\nIch habe die Datenschutzerkl\u00e4rung zur Kenntnis genommen.<br> \nIch stimme zu, dass meine Angaben und Daten zur Beantwortung <br>\nmeiner Anfrage elektronisch erhoben und gespeichert werden.<br>\nHinweis: Sie k\u00f6nnen Ihre Einwilligung jederzeit f\u00fcr die Zukunft per E-Mail an  info@hildesheimer-haus.de widerrufen.<\/span>\n\t\t\t\t\t\t\t<span class=\"required\">*<\/span>\n\t\t\t\t\t\t<\/label>\n\t\t\t\t\t<\/div>\n\t\t\t\t<\/div>\n\t\t\t<\/div>\n\t\t\n\t    \t\t\t<div class=\"builder-contact-field builder-contact-field-captcha\">\n\n\t\t\t\t\n\t\t\t\t<div class=\"control-input tf_rel\">\n                    <div class=\"themify_captcha_field \" data-sitekey=\"6Lc0s3EkAAAAAMYJcq3Z3A5aOWc3wc-wabnRqy1A\" data-ver=\"v3\"><\/div>\t\t\t\t<\/div>\n\n\t\t\t<\/div><!-- .builder-contact-field-captcha -->\n\t    \n\t    <div class=\"builder-contact-field builder-contact-field-send control-input tf_textl tf_clear tf_rel\">\n\t\t\t<button type=\"submit\" class=\"btn btn-primary\">\n\t\t\t\t<span class=\"tf_loader\"><\/span>\t\t\t\t<span class=\"tf_submit_icon\"><\/span> \n\t\t\t\tAbsenden\t\t\t<\/button>\n\t    <\/div>\n\t<\/div>\n    <\/form>\n    <\/div>\n<!-- \/module contact -->\n        <\/div>\n                        <\/div>\n        <\/div>\n                        <div  data-css_id=\"lrt9647\" data-lazy=\"1\" class=\"module_row themify_builder_row fullwidth_row_container tb_lrt9647 tf_w\">\n                        <div class=\"row_inner col_align_top tb_col_count_1 tf_box tf_rel\">\n                        <div  data-lazy=\"1\" class=\"module_column tb-column col-full tb_1m8n647 first\">\n                    <!-- module text -->\n<div  class=\"module module-text tb_69p9738   \" data-lazy=\"1\">\n        <div  class=\"tb_text_wrap\">\n        <p><span style=\"font-size: 18pt;\">Ihr Weg zu uns<\/span><\/p>    <\/div>\n<\/div>\n<!-- \/module text --><!-- module plain text -->\n<div  class=\"module module-plain-text tb_dqcx648 \" data-lazy=\"1\">\n        <div class=\"tb_text_wrap\">\n    <iframe loading=\"lazy\" style=\"border: 0;\" src=\"https:\/\/www.google.com\/maps\/embed?pb=!1m14!1m8!1m3!1d9875.199835590802!2d10.3325478!3d51.7732641!3m2!1i1024!2i768!4f13.1!3m3!1m2!1s0x0%3A0xd25b0eaafb925967!2sHildesheimer+Haus!5e0!3m2!1snl!2snl!4v1497529096371\" width=\"100%\" height=\"450\" frameborder=\"0\" allowfullscreen=\"allowfullscreen\"><\/iframe>    <\/div>\n<\/div>\n<!-- \/module plain text -->        <\/div>\n                        <\/div>\n        <\/div>\n        <\/div>\n<!--\/themify_builder_content-->","protected":false},"excerpt":{"rendered":"<p>Event-Location HILDESHEIMER HAUS Zu folgenden Zeiten sind wir telefonisch f\u00fcr Sie erreichbar: Montag, Dienstag &amp; Mittwoch\u00a0 von 8:30 &#8211; 13:00 Freitag von 8:30 &#8211; 18:00 Donnerstag Ruhetag \u00a0 Telefon: +49 (0) 53 23 &#8211; 71 59 92\u00a0 \u00a0 Senden Sie uns gerne eine\u00a0E-Mail\u00a0oder nutzen Sie unten folgendes Kontaktformular. \u00a0 Folgen Sie uns bei Instagram Sie [&hellip;]<\/p>\n","protected":false},"author":1,"featured_media":0,"parent":0,"menu_order":0,"comment_status":"closed","ping_status":"closed","template":"","meta":{"footnotes":""},"class_list":["post-248","page","type-page","status-publish","hentry","has-post-title","has-post-date","has-post-category","has-post-tag","has-post-comment","has-post-author",""],"_links":{"self":[{"href":"https:\/\/www.hildesheimer-haus.de\/home\/wp-json\/wp\/v2\/pages\/248","targetHints":{"allow":["GET"]}}],"collection":[{"href":"https:\/\/www.hildesheimer-haus.de\/home\/wp-json\/wp\/v2\/pages"}],"about":[{"href":"https:\/\/www.hildesheimer-haus.de\/home\/wp-json\/wp\/v2\/types\/page"}],"author":[{"embeddable":true,"href":"https:\/\/www.hildesheimer-haus.de\/home\/wp-json\/wp\/v2\/users\/1"}],"replies":[{"embeddable":true,"href":"https:\/\/www.hildesheimer-haus.de\/home\/wp-json\/wp\/v2\/comments?post=248"}],"version-history":[{"count":86,"href":"https:\/\/www.hildesheimer-haus.de\/home\/wp-json\/wp\/v2\/pages\/248\/revisions"}],"predecessor-version":[{"id":1278,"href":"https:\/\/www.hildesheimer-haus.de\/home\/wp-json\/wp\/v2\/pages\/248\/revisions\/1278"}],"wp:attachment":[{"href":"https:\/\/www.hildesheimer-haus.de\/home\/wp-json\/wp\/v2\/media?parent=248"}],"curies":[{"name":"wp","href":"https:\/\/api.w.org\/{rel}","templated":true}]}}