{"id":423,"date":"2024-02-14T15:46:25","date_gmt":"2024-02-14T14:46:25","guid":{"rendered":"https:\/\/www.hildesheimer-haus.de\/home\/?page_id=423"},"modified":"2024-10-30T22:52:55","modified_gmt":"2024-10-30T21:52:55","slug":"ueber_uns","status":"publish","type":"page","link":"https:\/\/www.hildesheimer-haus.de\/home\/ueber_uns\/","title":{"rendered":"\u00dcber uns"},"content":{"rendered":"<!--themify_builder_content-->\n<div id=\"themify_builder_content-423\" data-postid=\"423\" class=\"themify_builder_content themify_builder_content-423 themify_builder tf_clear\">\n                    <div  data-css_id=\"8wt8244\" data-lazy=\"1\" class=\"module_row themify_builder_row fullwidth tb_8wt8244 tb_first tf_w\">\n                        <div class=\"row_inner col_align_top tb_col_count_1 tf_box tf_rel\">\n                        <div  data-lazy=\"1\" class=\"module_column tb-column col-full tb_cq2d245 first\">\n                            <div  data-lazy=\"1\" class=\"module_subrow themify_builder_sub_row tf_w col_align_top tb_col_count_1 tb_xap4854\">\n                <div  data-lazy=\"1\" class=\"module_column sub_column col-full tb_eh4g854 first\">\n                            <\/div>\n                    <\/div>\n        <!-- module image -->\n<div  class=\"module module-image tb_n3kn8 image-top   auto_fullwidth tf_mw\" data-lazy=\"1\">\n        <div class=\"image-wrap tf_rel tf_mw\">\n            <img loading=\"lazy\" decoding=\"async\" width=\"1500\" height=\"1000\" src=\"https:\/\/www.hildesheimer-haus.de\/home\/wp-content\/uploads\/2024\/02\/Hildesheimer-Haus-Buntenbock_Team.jpg\" class=\"wp-post-image wp-image-426\" title=\"Hildesheimer-Haus-Buntenbock_Team\" alt=\"Hildesheimer-Haus-Buntenbock_Team\" srcset=\"https:\/\/www.hildesheimer-haus.de\/home\/wp-content\/uploads\/2024\/02\/Hildesheimer-Haus-Buntenbock_Team.jpg 1500w, https:\/\/www.hildesheimer-haus.de\/home\/wp-content\/uploads\/2024\/02\/Hildesheimer-Haus-Buntenbock_Team-300x200.jpg 300w, https:\/\/www.hildesheimer-haus.de\/home\/wp-content\/uploads\/2024\/02\/Hildesheimer-Haus-Buntenbock_Team-1024x683.jpg 1024w, https:\/\/www.hildesheimer-haus.de\/home\/wp-content\/uploads\/2024\/02\/Hildesheimer-Haus-Buntenbock_Team-768x512.jpg 768w\" sizes=\"auto, (max-width: 1500px) 100vw, 1500px\" \/>    \n        <\/div>\n    <!-- \/image-wrap -->\n    \n        <\/div>\n<!-- \/module image -->        <\/div>\n                        <\/div>\n        <\/div>\n                        <div  data-lazy=\"1\" class=\"module_row themify_builder_row tb_7a4n20 tf_w\">\n                        <div class=\"row_inner col_align_top tb_col_count_2 tf_box tf_rel\">\n                        <div  data-lazy=\"1\" class=\"module_column tb-column col4-2 tb_1jji20 first\">\n                    <!-- module text -->\n<div  class=\"module module-text tb_na8o371   \" data-lazy=\"1\">\n        <div  class=\"tb_text_wrap\">\n        <p style=\"text-align: left;\"><span style=\"font-size: 24pt;\">\u00dcber uns\u00a0<\/span><\/p>\n<p style=\"text-align: left;\"><span style=\"font-size: 18pt;\">Willkommen bei den Schmidt\u00b4s\u00a0<\/span><\/p>    <\/div>\n<\/div>\n<!-- \/module text -->        <\/div>\n                    <div  data-lazy=\"1\" class=\"module_column tb-column col4-2 tb_br5r188 last\">\n                    <!-- module text -->\n<div  class=\"module module-text tb_qw98911   \" data-lazy=\"1\">\n        <div  class=\"tb_text_wrap\">\n        <p><br><\/p>    <\/div>\n<\/div>\n<!-- \/module text -->        <\/div>\n                        <\/div>\n        <\/div>\n                        <div  data-lazy=\"1\" class=\"module_row themify_builder_row tb_j4mf946 tf_w\">\n                        <div class=\"row_inner col_align_top tb_col_count_2 tf_box tf_rel\">\n                        <div  data-lazy=\"1\" class=\"module_column tb-column col4-2 tb_rpl3946 first\">\n                    <!-- module text -->\n<div  class=\"module module-text tb_kyql946   \" data-lazy=\"1\">\n        <div  class=\"tb_text_wrap\">\n        <p style=\"text-align: left;\"><span style=\"background-color: initial; font-size: 14pt;\">Wir sind Frauke und Lars Schmidt, stolze Eltern dreier Kinder, nicht nur Harzer mit Leib und Seele, sondern auch waschechte Buntenbocker, die durch gl\u00fcckliche F\u00fcgung die Regie des sch\u00f6nen Hildesheimer Hauses \u00fcbernommen haben.\u00a0<\/span><\/p>\n<p style=\"text-align: left;\"><span style=\"background-color: initial; font-size: 1em;\">Bevor wir die beliebte Event-Location zu unserem Familien-Projekt machten, hatten wir den Inhabern \u00fcber l\u00e4ngere Zeit zur Seite gestanden und mitgeholfen, allen G\u00e4sten einen perfekten Aufenthalt zu bescheren. Die Aussicht darauf, selbst Gastgeber in diesem besonderen Haus sein zu k\u00f6nnen, hat uns schnell begeistert, wussten wir doch, dass es zwar unglaublich viel Arbeit, aber auch genauso viel Dankbarkeit und Gl\u00fcck mitbringen w\u00fcrde.<\/span><\/p>\n<p>Ausgerechnet mit der Corona-Pandemie in die Selbst\u00e4ndigkeit zu starten, war nat\u00fcrlich deprimierend, aber wir haben uns nicht unserer positiven Energie berauben lassen, die uns immer und \u00fcberall begleitet. Sie und Euch nach einem gefeierten Fest und Besuch im Hildesheimer Haus gl\u00fccklich zu sehen, dass ist f\u00fcr uns die wichtigste und sch\u00f6nste Aufgabe, die wir uns vorstellen k\u00f6nnen.<\/p>    <\/div>\n<\/div>\n<!-- \/module text -->        <\/div>\n                    <div  data-lazy=\"1\" class=\"module_column tb-column col4-2 tb_gy5u947 last\">\n                    <!-- module text -->\n<div  class=\"module module-text tb_fd5d947   \" data-lazy=\"1\">\n        <div  class=\"tb_text_wrap\">\n        <p><span style=\"font-size: 14pt;\">Jedoch w\u00e4re all das niemals ohne unsere Kinder, Leon, Nele, Michel, und auch unser treues Team m\u00f6glich, f\u00fcr das wir sehr dankbar sind.\u00a0<\/span><\/p>\n<p>Gemeinschaftlich sorgen wir daf\u00fcr, dass unseren G\u00e4sten die W\u00fcnsche von den Augen abgelesen werden, alles vorbereitet ist, wenn Sie ins Hildesheimer Haus kommen und sich dann um nichts mehr k\u00fcmmern m\u00fcssen, als den Aufenthalt zu genie\u00dfen.<\/p>\n<p><span style=\"font-size: 14pt;\">Wir alle sind Gastgeber aus Leidenschaft, denn egal welchen Anlass Sie bei uns begehen \u2013 er kommt nicht zur\u00fcck und deswegen sollten die Erinnerungen daran immer von einem einmalig gutem Wohlgef\u00fchl begleitet sein.\u00a0<\/span><\/p>\n<p><span style=\"font-size: 14pt;\"><a href=\"https:\/\/www.hildesheimer-haus.de\/home\/kontakt-2\/\">Wir freuen uns darauf, Sie pers\u00f6nlich kennenzulernen<\/a>,\u00a0<\/span><\/p>\n<p><span style=\"font-size: 14pt;\">bis dahin, vorfreudige Gr\u00fc\u00dfe,<\/span><\/p>\n<p><span style=\"font-size: 14pt;\">Frauke und Lars Schmidt<\/span><\/p>    <\/div>\n<\/div>\n<!-- \/module text -->        <\/div>\n                        <\/div>\n        <\/div>\n                        <div  data-css_id=\"5ync693\" data-lazy=\"1\" class=\"module_row themify_builder_row fullwidth tb_5ync693 tf_w\">\n                        <div class=\"row_inner col_align_top tb_col_count_1 tf_box tf_rel\">\n                        <div  data-lazy=\"1\" class=\"module_column tb-column col-full tb_sous693 first\">\n                            <\/div>\n                        <\/div>\n        <\/div>\n        <\/div>\n<!--\/themify_builder_content-->","protected":false},"excerpt":{"rendered":"<p>\u00dcber uns Willkommen bei den Schmidt\u00b4s &nbsp; Wir sind Frauke und Lars Schmidt, stolze Eltern dreier Kinder, nicht nur Harzer mit Leib und Seele, sondern auch waschechte Buntenbocker, die durch gl\u00fcckliche F\u00fcgung die Regie des sch\u00f6nen Hildesheimer Hauses \u00fcbernommen haben. Bevor wir die beliebte Event-Location zu unserem Familien-Projekt machten, hatten wir den Inhabern \u00fcber l\u00e4ngere [&hellip;]<\/p>\n","protected":false},"author":1,"featured_media":0,"parent":0,"menu_order":0,"comment_status":"closed","ping_status":"closed","template":"","meta":{"footnotes":""},"class_list":["post-423","page","type-page","status-publish","hentry","has-post-title","has-post-date","has-post-category","has-post-tag","has-post-comment","has-post-author",""],"_links":{"self":[{"href":"https:\/\/www.hildesheimer-haus.de\/home\/wp-json\/wp\/v2\/pages\/423","targetHints":{"allow":["GET"]}}],"collection":[{"href":"https:\/\/www.hildesheimer-haus.de\/home\/wp-json\/wp\/v2\/pages"}],"about":[{"href":"https:\/\/www.hildesheimer-haus.de\/home\/wp-json\/wp\/v2\/types\/page"}],"author":[{"embeddable":true,"href":"https:\/\/www.hildesheimer-haus.de\/home\/wp-json\/wp\/v2\/users\/1"}],"replies":[{"embeddable":true,"href":"https:\/\/www.hildesheimer-haus.de\/home\/wp-json\/wp\/v2\/comments?post=423"}],"version-history":[{"count":25,"href":"https:\/\/www.hildesheimer-haus.de\/home\/wp-json\/wp\/v2\/pages\/423\/revisions"}],"predecessor-version":[{"id":1226,"href":"https:\/\/www.hildesheimer-haus.de\/home\/wp-json\/wp\/v2\/pages\/423\/revisions\/1226"}],"wp:attachment":[{"href":"https:\/\/www.hildesheimer-haus.de\/home\/wp-json\/wp\/v2\/media?parent=423"}],"curies":[{"name":"wp","href":"https:\/\/api.w.org\/{rel}","templated":true}]}}